{"id":3002,"date":"2025-02-05T08:54:34","date_gmt":"2025-02-05T08:54:34","guid":{"rendered":"https:\/\/www.rifugimonterosa.it\/wissenschaftliche-forschung\/"},"modified":"2026-03-18T15:25:31","modified_gmt":"2026-03-18T15:25:31","slug":"wissenschaftliche-forschung","status":"publish","type":"page","link":"https:\/\/www.rifugimonterosa.it\/de\/wissenschaftliche-forschung\/","title":{"rendered":"Wissenschaftliche Forschung"},"content":{"rendered":"\t\t<div data-elementor-type=\"wp-page\" data-elementor-id=\"3002\" class=\"elementor elementor-3002 elementor-1373\" data-elementor-post-type=\"page\">\n\t\t\t\t<div class=\"elementor-element elementor-element-adde148 e-flex e-con-boxed e-con e-parent\" data-id=\"adde148\" data-element_type=\"container\" data-e-type=\"container\" data-settings=\"{&quot;background_background&quot;:&quot;classic&quot;}\">\n\t\t\t\t\t<div class=\"e-con-inner\">\n\t\t\t\t<div class=\"elementor-element elementor-element-773a1de elementor-widget elementor-widget-heading\" data-id=\"773a1de\" data-element_type=\"widget\" data-e-type=\"widget\" data-widget_type=\"heading.default\">\n\t\t\t\t<div class=\"elementor-widget-container\">\n\t\t\t\t\t<h1 class=\"elementor-heading-title elementor-size-default\">Wissenschaftliche Forschung<\/h1>\t\t\t\t<\/div>\n\t\t\t\t<\/div>\n\t\t\t\t<div class=\"elementor-element elementor-element-4d875d2 elementor-widget elementor-widget-heading\" data-id=\"4d875d2\" data-element_type=\"widget\" data-e-type=\"widget\" data-widget_type=\"heading.default\">\n\t\t\t\t<div class=\"elementor-widget-container\">\n\t\t\t\t\t<h2 class=\"elementor-heading-title elementor-size-default\">MBG SRL \u2013 Rifugi Monterosa und die wissenschaftliche Forschung in gro\u00dfer H\u00f6he<\/h2>\t\t\t\t<\/div>\n\t\t\t\t<\/div>\n\t\t\t\t\t<\/div>\n\t\t\t\t<\/div>\n\t\t<div class=\"elementor-element elementor-element-299aebd e-flex e-con-boxed e-con e-parent\" data-id=\"299aebd\" data-element_type=\"container\" data-e-type=\"container\">\n\t\t\t\t\t<div class=\"e-con-inner\">\n\t\t<div class=\"elementor-element elementor-element-b0d84d0 e-con-full animated-slow e-flex elementor-invisible e-con e-child\" data-id=\"b0d84d0\" data-element_type=\"container\" data-e-type=\"container\" data-settings=\"{&quot;animation&quot;:&quot;fadeInUp&quot;}\">\n\t\t\t\t<div class=\"elementor-element elementor-element-8cb58fd elementor-widget elementor-widget-text-editor\" data-id=\"8cb58fd\" data-element_type=\"widget\" data-e-type=\"widget\" data-widget_type=\"text-editor.default\">\n\t\t\t\t<div class=\"elementor-widget-container\">\n\t\t\t\t\t\t\t\t\t<p>Der <strong>Monte Rosa<\/strong> steht nicht nur f\u00fcr Alpinismus, Geschichte und Leidenschaft, sondern auch f\u00fcr Wissenschaft. Zwei wissenschaftliche Labore sind hier in gro\u00dfer H\u00f6he t\u00e4tig: die <strong>Regina Margherita H\u00fctte<\/strong> auf der <strong>Signalkuppe <\/strong>auf 4.554 m sowie das Istituto Angelo Mosso am Col d\u2019Olen auf 2.901 m. <\/p>\t\t\t\t\t\t\t\t<\/div>\n\t\t\t\t<\/div>\n\t\t\t\t<\/div>\n\t\t<div class=\"elementor-element elementor-element-b3e3216 e-con-full animated-slow e-flex elementor-invisible e-con e-child\" data-id=\"b3e3216\" data-element_type=\"container\" data-e-type=\"container\" data-settings=\"{&quot;animation&quot;:&quot;fadeInLeft&quot;}\">\n\t\t\t\t<div class=\"elementor-element elementor-element-970af89 elementor-widget elementor-widget-text-editor\" data-id=\"970af89\" data-element_type=\"widget\" data-e-type=\"widget\" data-widget_type=\"text-editor.default\">\n\t\t\t\t<div class=\"elementor-widget-container\">\n\t\t\t\t\t\t\t\t\t<p>Die <strong>Regina-Margherita H\u00fctte<\/strong>, die 1893 auf Initiative des Club Alpino Italiano gegr\u00fcndet wurde, war von Anfang an ein wissenschaftliches Labor von internationalem Rang.<\/p><p>1903 von der Accademia delle Scienze di Washington zum <strong>\u201eInternationalen Institut\u201c<\/strong> erkl\u00e4rt, war sie w\u00e4hrend des gesamten 20. Jahrhunderts Standort bedeutender Spitzenforschung in verschiedenen wissenschaftlichen Bereichen: Physiologie und Medizin, Glaziologie, Umweltwissenschaften sowie Atmosph\u00e4renphysik.<\/p><p>Die Regina-Margherita-H\u00fctte ist bis heute eines der wenigen <strong>Labore weltweit f\u00fcr H\u00f6henforschung zu Atem-, Gef\u00e4\u00df-, Stoffwechsel- und Nierenmechanismen,<\/strong> die der Akklimatisation, den H\u00f6henkrankheiten, der Leistungs\u00advorbereitung sowie den Belastungsgrenzen k\u00f6rperlicher Aktivit\u00e4t in verd\u00fcnnter Luft zugrunde liegen.<\/p>\t\t\t\t\t\t\t\t<\/div>\n\t\t\t\t<\/div>\n\t\t\t\t<\/div>\n\t\t<div class=\"elementor-element elementor-element-3db2da3 e-con-full animated-slow e-flex elementor-invisible e-con e-child\" data-id=\"3db2da3\" data-element_type=\"container\" data-e-type=\"container\" data-settings=\"{&quot;animation&quot;:&quot;fadeInRight&quot;}\">\n\t\t\t\t<div class=\"elementor-element elementor-element-caaf02c elementor-widget elementor-widget-text-editor\" data-id=\"caaf02c\" data-element_type=\"widget\" data-e-type=\"widget\" data-widget_type=\"text-editor.default\">\n\t\t\t\t<div class=\"elementor-widget-container\">\n\t\t\t\t\t\t\t\t\t<p><strong>Der Lysjoch (4.250 m) und die Signalkuppe (4.554 m) erweisen sich zudem als geeignete Standorte f\u00fcr die Entnahme von Eisbohrkernen<\/strong>, aus denen sich historische Daten zu klimatischen Ver\u00e4nderungen sowie zur chemischen und isotopischen Zusammensetzung der Atmosph\u00e4re gewinnen lassen.<br>Einige Studien konzentrieren sich auf die Mechanismen der Verteilung und des Ferntransports von Schadstoffen, wie Schwermetalle, persistente organische Schadstoffe (POP) und bestimmte radioaktive Isotope.<\/p><p>In j\u00fcngerer Zeit wurde Forschungsrichtungen mit viel Raum und interessanten Entwicklungsperspektiven besondere Aufmerksamkeit gewidmet, die die Umweltwissenschaften und die Klimaforschung betreffen.<\/p><p>Im Folgenden einige Beispiele f\u00fcr durchgef\u00fchrte Forschungsprojekte sowie die untergebrachten Institute:<\/p>\t\t\t\t\t\t\t\t<\/div>\n\t\t\t\t<\/div>\n\t\t\t\t<\/div>\n\t\t<div class=\"elementor-element elementor-element-f16cf40 e-con-full animated-slow e-flex elementor-invisible e-con e-child\" data-id=\"f16cf40\" data-element_type=\"container\" data-e-type=\"container\" data-settings=\"{&quot;animation&quot;:&quot;fadeInUp&quot;}\">\n\t\t\t\t<div class=\"elementor-element elementor-element-e01353b elementor-widget elementor-widget-text-editor\" data-id=\"e01353b\" data-element_type=\"widget\" data-e-type=\"widget\" data-widget_type=\"text-editor.default\">\n\t\t\t\t<div class=\"elementor-widget-container\">\n\t\t\t\t\t\t\t\t\t<p><strong>2007<\/strong><br><strong>&gt; <\/strong>Es wurden einige Tests durchgef\u00fchrt, die vom Politecnico di Torino zur Anwendbarkeit von Stromerzeugungssystemen mit Brennstoffzellen (mit Wasserstoff betrieben) f\u00fcr kleine Luftfahrzeuge durchgef\u00fchrt wurden. Ebenfalls das Politecnico di Torino (das unter anderem die Installation der ersten Internetverbindung in der Capanna erm\u00f6glicht hat) befasste sich mit der Erprobung eines innovativen Fern\u00fcbertragungssystems (\u00fcber 300 km) im Breitbandbereich, das einfache, kosteng\u00fcnstige Ger\u00e4te als Sender nutzt und ohne Zwischenrepeater auskommt, mit gro\u00dfem Entwicklungspotenzial insbesondere in Entwicklungsl\u00e4ndern.<\/p><p><strong>2009<\/strong><br><strong>&gt;<\/strong> Universit\u00e4t Heidelberg (DE) und Z\u00fcrich (CH).<\/p><p><strong>2010<\/strong><br><strong>&gt;<\/strong> Zentrum f\u00fcr H\u00f6he, Weltraum und Extreme<br><strong>&gt;<\/strong> Umweltmedizin des University College London (UK).<br><strong>&gt;<\/strong> Alfred Wegener Institut f\u00fcr Meeres und Polarforschung, Bremerhaven (DE).<br><strong>&gt;<\/strong> Istituto Auxologico Italiano (IT).<br><strong>&gt;<\/strong> Universit\u00e4t T\u00fcbingen (DE)..<\/p><p><strong>2013<br><\/strong><strong>&gt; <\/strong>Universit\u00e4tsklinikum Leiden (NL).<br><strong>&gt; <\/strong>Alfred Wegener Institut f\u00fcr Meeres und Polarforschung, Bremerhaven (DE).<\/p><p><strong>2015<\/strong><br><strong>&gt; <\/strong>Alfred Wegener Institut f\u00fcr Meeres und Polarforschung, Bremerhaven (DE).<\/p><p><strong>2016<\/strong><br><strong>&gt; <\/strong>Universit\u00e4t Salzburg (AT).<br><strong>&gt; <\/strong>German Aerospace Center \u2013 K\u00f6ln (DE).<br><strong>&gt; <\/strong>Alfred Wegener Institut f\u00fcr Meeres und Polarforschung, Bremerhaven (DE).<\/p><p><strong>2017<\/strong><br><strong>&gt; <\/strong>German Aerospace Center \u2013 K\u00f6ln (DE).<br><strong>&gt; <\/strong>Warwick H\u00f6henforschungsgruppe (UK)<\/p>\t\t\t\t\t\t\t\t<\/div>\n\t\t\t\t<\/div>\n\t\t\t\t<\/div>\n\t\t\t\t\t<\/div>\n\t\t\t\t<\/div>\n\t\t<div class=\"premium-parallax-section-hide elementor-element elementor-element-53bec75 e-con-full premium-parallax-yes e-flex e-con e-parent\" data-pa-parallax=\"{&quot;type&quot;:&quot;scroll&quot;,&quot;speed&quot;:&quot;&quot;,&quot;android&quot;:1,&quot;ios&quot;:1,&quot;size&quot;:&quot;cover&quot;,&quot;repeat&quot;:&quot;no-repeat&quot;}\" data-id=\"53bec75\" data-element_type=\"container\" data-e-type=\"container\" data-settings=\"{&quot;background_background&quot;:&quot;classic&quot;}\">\n\t\t\t\t<\/div>\n\t\t<div class=\"elementor-element elementor-element-6964f01 e-flex e-con-boxed e-con e-parent\" data-id=\"6964f01\" data-element_type=\"container\" data-e-type=\"container\" data-settings=\"{&quot;background_background&quot;:&quot;classic&quot;,&quot;shape_divider_bottom&quot;:&quot;pyramids&quot;}\">\n\t\t\t\t\t<div class=\"e-con-inner\">\n\t\t\t\t<div class=\"elementor-shape elementor-shape-bottom\" aria-hidden=\"true\" data-negative=\"false\">\n\t\t\t<svg xmlns=\"http:\/\/www.w3.org\/2000\/svg\" viewBox=\"0 0 1000 100\" preserveAspectRatio=\"none\">\n\t<path class=\"elementor-shape-fill\" d=\"M761.9,44.1L643.1,27.2L333.8,98L0,3.8V0l1000,0v3.9\"\/>\n<\/svg>\t\t<\/div>\n\t\t<div class=\"elementor-element elementor-element-6affb5c e-con-full animated-slow e-flex elementor-invisible e-con e-child\" data-id=\"6affb5c\" data-element_type=\"container\" data-e-type=\"container\" data-settings=\"{&quot;animation&quot;:&quot;fadeInLeft&quot;}\">\n\t\t\t\t<div class=\"elementor-element elementor-element-68fd162 elementor-widget elementor-widget-heading\" data-id=\"68fd162\" data-element_type=\"widget\" data-e-type=\"widget\" data-widget_type=\"heading.default\">\n\t\t\t\t<div class=\"elementor-widget-container\">\n\t\t\t\t\t<p class=\"elementor-heading-title elementor-size-default\"> Online-Reservierungen<\/p>\t\t\t\t<\/div>\n\t\t\t\t<\/div>\n\t\t\t\t<div class=\"elementor-element elementor-element-c02d1eb elementor-widget elementor-widget-heading\" data-id=\"c02d1eb\" data-element_type=\"widget\" data-e-type=\"widget\" data-widget_type=\"heading.default\">\n\t\t\t\t<div class=\"elementor-widget-container\">\n\t\t\t\t\t<p class=\"elementor-heading-title elementor-size-default\">Verf\u00fcgbarkeit pr\u00fcfen und die H\u00fctte buchen<\/p>\t\t\t\t<\/div>\n\t\t\t\t<\/div>\n\t\t\t\t<\/div>\n\t\t<div class=\"elementor-element elementor-element-c9c438c e-con-full animated-slow e-flex elementor-invisible e-con e-child\" data-id=\"c9c438c\" data-element_type=\"container\" data-e-type=\"container\" data-settings=\"{&quot;animation&quot;:&quot;fadeInRight&quot;}\">\n\t\t\t\t<div class=\"elementor-element elementor-element-fbf77be e-transform premium-lq__none elementor-widget elementor-widget-global elementor-global-1351 elementor-widget-premium-addon-button\" data-id=\"fbf77be\" data-element_type=\"widget\" data-e-type=\"widget\" data-settings=\"{&quot;_transform_translateY_effect_hover&quot;:{&quot;unit&quot;:&quot;px&quot;,&quot;size&quot;:-8,&quot;sizes&quot;:[]},&quot;_transform_translateX_effect_hover&quot;:{&quot;unit&quot;:&quot;px&quot;,&quot;size&quot;:&quot;&quot;,&quot;sizes&quot;:[]},&quot;_transform_translateX_effect_hover_tablet&quot;:{&quot;unit&quot;:&quot;px&quot;,&quot;size&quot;:&quot;&quot;,&quot;sizes&quot;:[]},&quot;_transform_translateX_effect_hover_mobile&quot;:{&quot;unit&quot;:&quot;px&quot;,&quot;size&quot;:&quot;&quot;,&quot;sizes&quot;:[]},&quot;_transform_translateY_effect_hover_tablet&quot;:{&quot;unit&quot;:&quot;px&quot;,&quot;size&quot;:&quot;&quot;,&quot;sizes&quot;:[]},&quot;_transform_translateY_effect_hover_mobile&quot;:{&quot;unit&quot;:&quot;px&quot;,&quot;size&quot;:&quot;&quot;,&quot;sizes&quot;:[]}}\" data-widget_type=\"premium-addon-button.default\">\n\t\t\t\t<div class=\"elementor-widget-container\">\n\t\t\t\t\t\n\n\t\t<a class=\"premium-button premium-button-none premium-btn-lg premium-button-none\" href=\"https:\/\/booking.rifugimonterosa.it\/it\/booking\" target=\"_blank\">\n\t\t\t<div class=\"premium-button-text-icon-wrapper\">\n\t\t\t\t\n\t\t\t\t\t\t\t\t\t<span >\n\t\t\t\t\t\tBooking\t\t\t\t\t<\/span>\n\t\t\t\t\t\t\t<\/div>\n\n\t\t\t\n\t\t\t\n\t\t\t\n\t\t<\/a>\n\n\n\t\t\t\t\t\t<\/div>\n\t\t\t\t<\/div>\n\t\t\t\t<\/div>\n\t\t\t\t\t<\/div>\n\t\t\t\t<\/div>\n\t\t<div class=\"elementor-element elementor-element-3de88f9 e-flex e-con-boxed e-con e-parent\" data-id=\"3de88f9\" data-element_type=\"container\" data-e-type=\"container\" data-settings=\"{&quot;background_background&quot;:&quot;classic&quot;}\">\n\t\t\t\t\t<div class=\"e-con-inner\">\n\t\t<div class=\"elementor-element elementor-element-2c4b423 e-con-full animated-slow e-flex elementor-invisible e-con e-child\" data-id=\"2c4b423\" data-element_type=\"container\" data-e-type=\"container\" data-settings=\"{&quot;animation&quot;:&quot;fadeInLeft&quot;}\">\n\t\t\t\t<div class=\"elementor-element elementor-element-9eee57d elementor-widget elementor-widget-heading\" data-id=\"9eee57d\" data-element_type=\"widget\" data-e-type=\"widget\" data-widget_type=\"heading.default\">\n\t\t\t\t<div class=\"elementor-widget-container\">\n\t\t\t\t\t<h2 class=\"elementor-heading-title elementor-size-default\">MBG SRL\n\u2013 Rifugi Monterosa \n<\/h2>\t\t\t\t<\/div>\n\t\t\t\t<\/div>\n\t\t\t\t<div class=\"elementor-element elementor-element-644530b elementor-widget elementor-widget-heading\" data-id=\"644530b\" data-element_type=\"widget\" data-e-type=\"widget\" data-widget_type=\"heading.default\">\n\t\t\t\t<div class=\"elementor-widget-container\">\n\t\t\t\t\t<p class=\"elementor-heading-title elementor-size-default\">Wissenschaftliche Forschung<br>\nam Monte Rosa<\/p>\t\t\t\t<\/div>\n\t\t\t\t<\/div>\n\t\t\t\t<div class=\"elementor-element elementor-element-d3845fa elementor-widget elementor-widget-heading\" data-id=\"d3845fa\" data-element_type=\"widget\" data-e-type=\"widget\" data-widget_type=\"heading.default\">\n\t\t\t\t<div class=\"elementor-widget-container\">\n\t\t\t\t\t<p class=\"elementor-heading-title elementor-size-default\">Stolz darauf, das wissenschaftliche Labor der Regina Margherita H\u00fctte zu betreuen, engagiert sich das Team von Rifugi Monterosa daf\u00fcr, die Organisation zu erleichtern und den Forschungsteams umfassende Unterst\u00fctzung zu bieten.\n\n<\/p>\t\t\t\t<\/div>\n\t\t\t\t<\/div>\n\t\t\t\t<\/div>\n\t\t<div class=\"elementor-element elementor-element-d1fe4b5 e-con-full animated-slow e-flex elementor-invisible e-con e-child\" data-id=\"d1fe4b5\" data-element_type=\"container\" data-e-type=\"container\" data-settings=\"{&quot;animation&quot;:&quot;fadeInRight&quot;}\">\n\t\t\t\t<div class=\"elementor-element elementor-element-51412a8 elementor-widget elementor-widget-heading\" data-id=\"51412a8\" data-element_type=\"widget\" data-e-type=\"widget\" data-widget_type=\"heading.default\">\n\t\t\t\t<div class=\"elementor-widget-container\">\n\t\t\t\t\t<h2 class=\"elementor-heading-title elementor-size-default\">Was wir tun\n<\/h2>\t\t\t\t<\/div>\n\t\t\t\t<\/div>\n\t\t\t\t<div class=\"elementor-element elementor-element-4b92f99 animated-slow elementor-invisible elementor-widget elementor-widget-heading\" data-id=\"4b92f99\" data-element_type=\"widget\" data-e-type=\"widget\" data-settings=\"{&quot;_animation&quot;:&quot;fadeInRight&quot;}\" data-widget_type=\"heading.default\">\n\t\t\t\t<div class=\"elementor-widget-container\">\n\t\t\t\t\t<h3 class=\"elementor-heading-title elementor-size-default\">- Transfer von Teams und Ausr\u00fcstung vom und zum Flughafen\n\n<\/h3>\t\t\t\t<\/div>\n\t\t\t\t<\/div>\n\t\t\t\t<div class=\"elementor-element elementor-element-55efbd3 animated-slow elementor-invisible elementor-widget elementor-widget-heading\" data-id=\"55efbd3\" data-element_type=\"widget\" data-e-type=\"widget\" data-settings=\"{&quot;_animation&quot;:&quot;fadeInRight&quot;}\" data-widget_type=\"heading.default\">\n\t\t\t\t<div class=\"elementor-widget-container\">\n\t\t\t\t\t<h3 class=\"elementor-heading-title elementor-size-default\">- Empfangsstelle in Alagna\n\n<\/h3>\t\t\t\t<\/div>\n\t\t\t\t<\/div>\n\t\t\t\t<div class=\"elementor-element elementor-element-bcf6f20 animated-slow elementor-invisible elementor-widget elementor-widget-heading\" data-id=\"bcf6f20\" data-element_type=\"widget\" data-e-type=\"widget\" data-settings=\"{&quot;_animation&quot;:&quot;fadeInRight&quot;}\" data-widget_type=\"heading.default\">\n\t\t\t\t<div class=\"elementor-widget-container\">\n\t\t\t\t\t<h3 class=\"elementor-heading-title elementor-size-default\">- Vereinbarte Unterkunft und Verpflegung in Alagna und Gressoney\n\n<\/h3>\t\t\t\t<\/div>\n\t\t\t\t<\/div>\n\t\t\t\t<div class=\"elementor-element elementor-element-8199497 animated-slow elementor-invisible elementor-widget elementor-widget-heading\" data-id=\"8199497\" data-element_type=\"widget\" data-e-type=\"widget\" data-settings=\"{&quot;_animation&quot;:&quot;fadeInRight&quot;}\" data-widget_type=\"heading.default\">\n\t\t\t\t<div class=\"elementor-widget-container\">\n\t\t\t\t\t<h3 class=\"elementor-heading-title elementor-size-default\">- Materialtransport per Hubschrauber\n\n<\/h3>\t\t\t\t<\/div>\n\t\t\t\t<\/div>\n\t\t\t\t<div class=\"elementor-element elementor-element-b1b490e animated-slow elementor-invisible elementor-widget elementor-widget-heading\" data-id=\"b1b490e\" data-element_type=\"widget\" data-e-type=\"widget\" data-settings=\"{&quot;_animation&quot;:&quot;fadeInRight&quot;}\" data-widget_type=\"heading.default\">\n\t\t\t\t<div class=\"elementor-widget-container\">\n\t\t\t\t\t<h3 class=\"elementor-heading-title elementor-size-default\">- UIAGM Bergf\u00fchrer f\u00fcr die Begleitung\n\n<\/h3>\t\t\t\t<\/div>\n\t\t\t\t<\/div>\n\t\t\t\t<div class=\"elementor-element elementor-element-5a67afe animated-slow elementor-invisible elementor-widget elementor-widget-heading\" data-id=\"5a67afe\" data-element_type=\"widget\" data-e-type=\"widget\" data-settings=\"{&quot;_animation&quot;:&quot;fadeInRight&quot;}\" data-widget_type=\"heading.default\">\n\t\t\t\t<div class=\"elementor-widget-container\">\n\t\t\t\t\t<h3 class=\"elementor-heading-title elementor-size-default\">- Lagerraum zur Aufbewahrung der Ausr\u00fcstung\n\n<\/h3>\t\t\t\t<\/div>\n\t\t\t\t<\/div>\n\t\t\t\t<\/div>\n\t\t\t\t\t<\/div>\n\t\t\t\t<\/div>\n\t\t\t\t<\/div>\n\t\t","protected":false},"excerpt":{"rendered":"<p>Wissenschaftliche Forschung MBG SRL \u2013 Rifugi Monterosa und die wissenschaftliche Forschung in gro\u00dfer H\u00f6he Der Monte Rosa steht nicht nur f\u00fcr Alpinismus, Geschichte und Leidenschaft, sondern auch f\u00fcr Wissenschaft. Zwei wissenschaftliche Labore sind hier in gro\u00dfer H\u00f6he t\u00e4tig: die Regina Margherita H\u00fctte auf der Signalkuppe auf 4.554 m sowie das Istituto Angelo Mosso am Col [&hellip;]<\/p>\n","protected":false},"author":3,"featured_media":2255,"parent":0,"menu_order":0,"comment_status":"closed","ping_status":"closed","template":"elementor_header_footer","meta":{"footnotes":""},"class_list":["post-3002","page","type-page","status-publish","has-post-thumbnail","hentry"],"_links":{"self":[{"href":"https:\/\/www.rifugimonterosa.it\/de\/wp-json\/wp\/v2\/pages\/3002","targetHints":{"allow":["GET"]}}],"collection":[{"href":"https:\/\/www.rifugimonterosa.it\/de\/wp-json\/wp\/v2\/pages"}],"about":[{"href":"https:\/\/www.rifugimonterosa.it\/de\/wp-json\/wp\/v2\/types\/page"}],"author":[{"embeddable":true,"href":"https:\/\/www.rifugimonterosa.it\/de\/wp-json\/wp\/v2\/users\/3"}],"replies":[{"embeddable":true,"href":"https:\/\/www.rifugimonterosa.it\/de\/wp-json\/wp\/v2\/comments?post=3002"}],"version-history":[{"count":0,"href":"https:\/\/www.rifugimonterosa.it\/de\/wp-json\/wp\/v2\/pages\/3002\/revisions"}],"wp:featuredmedia":[{"embeddable":true,"href":"https:\/\/www.rifugimonterosa.it\/de\/wp-json\/wp\/v2\/media\/2255"}],"wp:attachment":[{"href":"https:\/\/www.rifugimonterosa.it\/de\/wp-json\/wp\/v2\/media?parent=3002"}],"curies":[{"name":"wp","href":"https:\/\/api.w.org\/{rel}","templated":true}]}}