{"id":2906,"date":"2025-02-05T08:54:07","date_gmt":"2025-02-05T08:54:07","guid":{"rendered":"https:\/\/www.rifugimonterosa.it\/qui-sommes-nous\/"},"modified":"2026-03-18T14:25:08","modified_gmt":"2026-03-18T14:25:08","slug":"qui-sommes-nous","status":"publish","type":"page","link":"https:\/\/www.rifugimonterosa.it\/fr\/qui-sommes-nous\/","title":{"rendered":"Qui nous sommes"},"content":{"rendered":"\t\t<div data-elementor-type=\"wp-page\" data-elementor-id=\"2906\" class=\"elementor elementor-2906 elementor-1371\" data-elementor-post-type=\"page\">\n\t\t\t\t<div class=\"elementor-element elementor-element-e8a8118 e-flex e-con-boxed e-con e-parent\" data-id=\"e8a8118\" data-element_type=\"container\" data-e-type=\"container\" data-settings=\"{&quot;background_background&quot;:&quot;classic&quot;}\">\n\t\t\t\t\t<div class=\"e-con-inner\">\n\t\t\t\t<div class=\"elementor-element elementor-element-9821fba elementor-widget elementor-widget-heading\" data-id=\"9821fba\" data-element_type=\"widget\" data-e-type=\"widget\" data-widget_type=\"heading.default\">\n\t\t\t\t<div class=\"elementor-widget-container\">\n\t\t\t\t\t<h2 class=\"elementor-heading-title elementor-size-default\">Qui nous sommes<\/h2>\t\t\t\t<\/div>\n\t\t\t\t<\/div>\n\t\t\t\t<div class=\"elementor-element elementor-element-8aba47f elementor-widget elementor-widget-heading\" data-id=\"8aba47f\" data-element_type=\"widget\" data-e-type=\"widget\" data-widget_type=\"heading.default\">\n\t\t\t\t<div class=\"elementor-widget-container\">\n\t\t\t\t\t<h2 class=\"elementor-heading-title elementor-size-default\">Depuis 2009, Rifugi Monterosa MBG g\u00e8re l\u2019accueil des 5 refuges CAI du Mont Rose<\/h2>\t\t\t\t<\/div>\n\t\t\t\t<\/div>\n\t\t\t\t\t<\/div>\n\t\t\t\t<\/div>\n\t\t<div class=\"elementor-element elementor-element-1c2a5b6 e-flex e-con-boxed e-con e-parent\" data-id=\"1c2a5b6\" data-element_type=\"container\" data-e-type=\"container\">\n\t\t\t\t\t<div class=\"e-con-inner\">\n\t\t<div class=\"elementor-element elementor-element-be2f337 e-con-full animated-slow e-flex elementor-invisible e-con e-child\" data-id=\"be2f337\" data-element_type=\"container\" data-e-type=\"container\" data-settings=\"{&quot;animation&quot;:&quot;fadeInLeft&quot;}\">\n\t\t\t\t<div class=\"elementor-element elementor-element-4178f5c elementor-widget elementor-widget-text-editor\" data-id=\"4178f5c\" data-element_type=\"widget\" data-e-type=\"widget\" data-widget_type=\"text-editor.default\">\n\t\t\t\t<div class=\"elementor-widget-container\">\n\t\t\t\t\t\t\t\t\t<p>A partir du printemps 2009 <strong>Rifugi Monterosa &#8211; MBG<\/strong> srl traite de la gestion des 5 <strong>Refuges CAI<\/strong> situ\u00e9 sur le versant sud du Monte Rosa.<br>Dans notre engagement \u00e0 des espaces vides de poursuite de l&rsquo;accueil, pas \u00e9touff\u00e9 par l&rsquo;exc\u00e8s, o\u00f9 le silence est une valeur, les gestes quotidiens sont des privil\u00e8ges et respectent une comp\u00e9tence raisonnable.<br>Un choix qui est un v\u00e9ritable d\u00e9fi si l&rsquo;on consid\u00e8re que la MBG srl est l&rsquo;entreprise touristique avec plus de lits de Valsesia, bien 416, dont la moiti\u00e9 est situ\u00e9e au-dessus du 3647 m afin de ne pas de gestion ordinaire.<\/p><p>Mais il est pr\u00e9cis\u00e9ment cette particularit\u00e9 de faire Rifugi Monterosa &#8211; MBG srl, avec un personnel d&rsquo;environ 40 gar\u00e7ons, unis et avec un seul objectif \u00e0 atteindre: la satisfaction du client.<\/p>\t\t\t\t\t\t\t\t<\/div>\n\t\t\t\t<\/div>\n\t\t\t\t<\/div>\n\t\t<div class=\"elementor-element elementor-element-1787735 e-con-full animated-slow e-flex elementor-invisible e-con e-child\" data-id=\"1787735\" data-element_type=\"container\" data-e-type=\"container\" data-settings=\"{&quot;animation&quot;:&quot;fadeInRight&quot;}\">\n\t\t\t\t<div class=\"elementor-element elementor-element-dc4333c elementor-widget elementor-widget-text-editor\" data-id=\"dc4333c\" data-element_type=\"widget\" data-e-type=\"widget\" data-widget_type=\"text-editor.default\">\n\t\t\t\t<div class=\"elementor-widget-container\">\n\t\t\t\t\t\t\t\t\t<p>L&rsquo;engagement est grand et l&rsquo;entreprise a mis l&rsquo;accent sur l&rsquo;am\u00e9lioration des services pour assurer un accueil et le respect ad\u00e9quat pour l&rsquo;environnement. La durabilit\u00e9 vient en premier. <br><br>Voil\u00e0 pourquoi nous avons d\u00e9j\u00e0 mari\u00e9 quelques id\u00e9es, qui sont \u00e9num\u00e9r\u00e9es bri\u00e8vement ci-dessous: de petits pas, mais ils peuvent faire une diff\u00e9rence. <br><br>Cependant, les grands projets dans lesquels ils ne manquent pas qui fonctionne et ce qui, nous l&rsquo;esp\u00e9rons \u00eatre achev\u00e9es \u00e0 court terme, parce que cela signifierait donner un nouveau look aux Refuges, li\u00e9e \u00e0 une tradition, mais d\u00e9j\u00e0 projet\u00e9s vers un avenir des r\u00e9seaux WiFi et webcam toujours \u00e0 jour.<\/p>\t\t\t\t\t\t\t\t<\/div>\n\t\t\t\t<\/div>\n\t\t\t\t<\/div>\n\t\t\t\t\t<\/div>\n\t\t\t\t<\/div>\n\t\t<div class=\"premium-parallax-section-hide elementor-element elementor-element-1530352 e-con-full premium-parallax-yes e-flex e-con e-parent\" data-pa-parallax=\"{&quot;type&quot;:&quot;scroll&quot;,&quot;speed&quot;:&quot;&quot;,&quot;android&quot;:1,&quot;ios&quot;:1,&quot;size&quot;:&quot;cover&quot;,&quot;repeat&quot;:&quot;no-repeat&quot;}\" data-id=\"1530352\" data-element_type=\"container\" data-e-type=\"container\" data-settings=\"{&quot;background_background&quot;:&quot;classic&quot;}\">\n\t\t\t\t<\/div>\n\t\t<div class=\"elementor-element elementor-element-2cf3915 e-flex e-con-boxed e-con e-parent\" data-id=\"2cf3915\" data-element_type=\"container\" data-e-type=\"container\">\n\t\t\t\t\t<div class=\"e-con-inner\">\n\t\t<div class=\"elementor-element elementor-element-db7fcf8 e-con-full animated-slow e-flex elementor-invisible e-con e-child\" data-id=\"db7fcf8\" data-element_type=\"container\" data-e-type=\"container\" data-settings=\"{&quot;animation&quot;:&quot;fadeInLeft&quot;}\">\n\t\t\t\t<div class=\"elementor-element elementor-element-f2cfef4 elementor-widget elementor-widget-heading\" data-id=\"f2cfef4\" data-element_type=\"widget\" data-e-type=\"widget\" data-widget_type=\"heading.default\">\n\t\t\t\t<div class=\"elementor-widget-container\">\n\t\t\t\t\t<h2 class=\"elementor-heading-title elementor-size-default\">La gestion<\/h2>\t\t\t\t<\/div>\n\t\t\t\t<\/div>\n\t\t\t\t<div class=\"elementor-element elementor-element-fd280e1 elementor-widget elementor-widget-text-editor\" data-id=\"fd280e1\" data-element_type=\"widget\" data-e-type=\"widget\" data-widget_type=\"text-editor.default\">\n\t\t\t\t<div class=\"elementor-widget-container\">\n\t\t\t\t\t\t\t\t\t<p>Pour am\u00e9liorer nos services, nous vous demandons de bien vouloir nous envoyer vos opinions et vos jugements sur votre s\u00e9jour. Votre contribution est pr\u00e9cieuse, car elle nous aidera \u00e0 am\u00e9liorer dans le temps pour votre prochaine visite! <\/p>\t\t\t\t\t\t\t\t<\/div>\n\t\t\t\t<\/div>\n\t\t\t\t<\/div>\n\t\t\t\t\t<\/div>\n\t\t\t\t<\/div>\n\t\t<div class=\"elementor-element elementor-element-4e8cd0f e-flex e-con-boxed e-con e-parent\" data-id=\"4e8cd0f\" data-element_type=\"container\" data-e-type=\"container\" data-settings=\"{&quot;background_background&quot;:&quot;classic&quot;}\">\n\t\t\t\t\t<div class=\"e-con-inner\">\n\t\t<div class=\"elementor-element elementor-element-75e1a7e e-con-full animated-slow e-flex elementor-invisible e-con e-child\" data-id=\"75e1a7e\" data-element_type=\"container\" data-e-type=\"container\" data-settings=\"{&quot;animation&quot;:&quot;fadeInLeft&quot;}\">\n\t\t\t\t<div class=\"elementor-element elementor-element-91dc569 elementor--v-position-bottom elementor--h-position-center elementor-arrows-position-inside elementor-pagination-position-inside elementor-widget elementor-widget-slides\" data-id=\"91dc569\" data-element_type=\"widget\" data-e-type=\"widget\" data-settings=\"{&quot;navigation&quot;:&quot;both&quot;,&quot;autoplay&quot;:&quot;yes&quot;,&quot;pause_on_hover&quot;:&quot;yes&quot;,&quot;pause_on_interaction&quot;:&quot;yes&quot;,&quot;autoplay_speed&quot;:5000,&quot;infinite&quot;:&quot;yes&quot;,&quot;transition&quot;:&quot;slide&quot;,&quot;transition_speed&quot;:500}\" data-widget_type=\"slides.default\">\n\t\t\t\t<div class=\"elementor-widget-container\">\n\t\t\t\t\t\t\t\t\t<div class=\"elementor-swiper\">\n\t\t\t\t\t<div class=\"elementor-slides-wrapper elementor-main-swiper swiper\" role=\"region\" aria-roledescription=\"carousel\" aria-label=\"Slides\" dir=\"ltr\" data-animation=\"fadeInUp\">\n\t\t\t\t<div class=\"swiper-wrapper elementor-slides\">\n\t\t\t\t\t\t\t\t\t\t<div class=\"elementor-repeater-item-f0fd1b4 swiper-slide\" role=\"group\" aria-roledescription=\"slide\"><div class=\"swiper-slide-bg elementor-ken-burns elementor-ken-burns--in\" role=\"img\" aria-label=\"Rifugi Monterosa\"><\/div><div class=\"elementor-background-overlay\"><\/div><div class=\"swiper-slide-inner\" ><div class=\"swiper-slide-contents\"><\/div><\/div><\/div><div class=\"elementor-repeater-item-3ba2bed swiper-slide\" role=\"group\" aria-roledescription=\"slide\"><div class=\"swiper-slide-bg elementor-ken-burns elementor-ken-burns--in\" role=\"img\" aria-label=\"Rifugi Monterosa\"><\/div><div class=\"elementor-background-overlay\"><\/div><div class=\"swiper-slide-inner\" ><div class=\"swiper-slide-contents\"><\/div><\/div><\/div><div class=\"elementor-repeater-item-d29edce swiper-slide\" role=\"group\" aria-roledescription=\"slide\"><div class=\"swiper-slide-bg elementor-ken-burns elementor-ken-burns--in\" role=\"img\" aria-label=\"Rifugi Monterosa\"><\/div><div class=\"elementor-background-overlay\"><\/div><div class=\"swiper-slide-inner\" ><div class=\"swiper-slide-contents\"><\/div><\/div><\/div>\t\t\t\t<\/div>\n\t\t\t\t\t\t\t\t\t\t\t\t\t\t\t<div class=\"elementor-swiper-button elementor-swiper-button-prev\" role=\"button\" tabindex=\"0\" aria-label=\"Diapositive pr\u00e9c\u00e9dente\">\n\t\t\t\t\t\t\t<svg aria-hidden=\"true\" class=\"e-font-icon-svg e-eicon-chevron-left\" viewBox=\"0 0 1000 1000\" xmlns=\"http:\/\/www.w3.org\/2000\/svg\"><path d=\"M646 125C629 125 613 133 604 142L308 442C296 454 292 471 292 487 292 504 296 521 308 533L604 854C617 867 629 875 646 875 663 875 679 871 692 858 704 846 713 829 713 812 713 796 708 779 692 767L438 487 692 225C700 217 708 204 708 187 708 171 704 154 692 142 675 129 663 125 646 125Z\"><\/path><\/svg>\t\t\t\t\t\t<\/div>\n\t\t\t\t\t\t<div class=\"elementor-swiper-button elementor-swiper-button-next\" role=\"button\" tabindex=\"0\" aria-label=\"Diapositive suivante\">\n\t\t\t\t\t\t\t<svg aria-hidden=\"true\" class=\"e-font-icon-svg e-eicon-chevron-right\" viewBox=\"0 0 1000 1000\" xmlns=\"http:\/\/www.w3.org\/2000\/svg\"><path d=\"M696 533C708 521 713 504 713 487 713 471 708 454 696 446L400 146C388 133 375 125 354 125 338 125 325 129 313 142 300 154 292 171 292 187 292 204 296 221 308 233L563 492 304 771C292 783 288 800 288 817 288 833 296 850 308 863 321 871 338 875 354 875 371 875 388 867 400 854L696 533Z\"><\/path><\/svg>\t\t\t\t\t\t<\/div>\n\t\t\t\t\t\t\t\t\t\t\t\t\t\t\t\t<div class=\"swiper-pagination\"><\/div>\n\t\t\t\t\t\t\t\t\t\t\t\t<\/div>\n\t\t\t\t<\/div>\n\t\t\t\t\t\t\t\t<\/div>\n\t\t\t\t<\/div>\n\t\t\t\t<\/div>\n\t\t<div class=\"elementor-element elementor-element-b6da977 e-con-full animated-slow e-flex elementor-invisible e-con e-child\" data-id=\"b6da977\" data-element_type=\"container\" data-e-type=\"container\" data-settings=\"{&quot;animation&quot;:&quot;fadeInRight&quot;}\">\n\t\t\t\t<div class=\"elementor-element elementor-element-ceae4a0 elementor-widget elementor-widget-heading\" data-id=\"ceae4a0\" data-element_type=\"widget\" data-e-type=\"widget\" data-widget_type=\"heading.default\">\n\t\t\t\t<div class=\"elementor-widget-container\">\n\t\t\t\t\t<h2 class=\"elementor-heading-title elementor-size-default\">Elimination des d\u00e9chets<\/h2>\t\t\t\t<\/div>\n\t\t\t\t<\/div>\n\t\t\t\t<div class=\"elementor-element elementor-element-af723ba elementor-widget elementor-widget-text-editor\" data-id=\"af723ba\" data-element_type=\"widget\" data-e-type=\"widget\" data-widget_type=\"text-editor.default\">\n\t\t\t\t<div class=\"elementor-widget-container\">\n\t\t\t\t\t\t\t\t\t<p>Nos Refuges dispos\u00e9s en aval tous les d\u00e9chets qu&rsquo;ils produisent. \u00c0 la demande du si\u00e8ge de la CAI nous voulions \u20ac 3, le co\u00fbt de la demi-pension \u00e0 l&rsquo;aval du transport par h\u00e9licopt\u00e8re des eaux us\u00e9es et des d\u00e9chets; la contribution de chacun \u00e0 l&rsquo;environnement. <br><br>Depuis 2010, il a install\u00e9 une usine de purification de l&rsquo;eau pour une utilisation dans la cuisine pour r\u00e9duire les risques \u00e0 0,01%. L&rsquo;eau du robinet est toujours pas potable. <\/p>\t\t\t\t\t\t\t\t<\/div>\n\t\t\t\t<\/div>\n\t\t\t\t<\/div>\n\t\t\t\t\t<\/div>\n\t\t\t\t<\/div>\n\t\t<div class=\"elementor-element elementor-element-9dcec34 e-flex e-con-boxed e-con e-parent\" data-id=\"9dcec34\" data-element_type=\"container\" data-e-type=\"container\" data-settings=\"{&quot;shape_divider_bottom&quot;:&quot;pyramids&quot;}\">\n\t\t\t\t\t<div class=\"e-con-inner\">\n\t\t\t\t<div class=\"elementor-shape elementor-shape-bottom\" aria-hidden=\"true\" data-negative=\"false\">\n\t\t\t<svg xmlns=\"http:\/\/www.w3.org\/2000\/svg\" viewBox=\"0 0 1000 100\" preserveAspectRatio=\"none\">\n\t<path class=\"elementor-shape-fill\" d=\"M761.9,44.1L643.1,27.2L333.8,98L0,3.8V0l1000,0v3.9\"\/>\n<\/svg>\t\t<\/div>\n\t\t<div class=\"elementor-element elementor-element-5e2b2e3 e-con-full animated-slow e-flex elementor-invisible e-con e-child\" data-id=\"5e2b2e3\" data-element_type=\"container\" data-e-type=\"container\" data-settings=\"{&quot;animation&quot;:&quot;fadeInUp&quot;}\">\n\t\t\t\t<div class=\"elementor-element elementor-element-808bc82 elementor-widget elementor-widget-heading\" data-id=\"808bc82\" data-element_type=\"widget\" data-e-type=\"widget\" data-widget_type=\"heading.default\">\n\t\t\t\t<div class=\"elementor-widget-container\">\n\t\t\t\t\t<h2 class=\"elementor-heading-title elementor-size-default\">Chauffage<\/h2>\t\t\t\t<\/div>\n\t\t\t\t<\/div>\n\t\t\t\t<div class=\"elementor-element elementor-element-7038f7c elementor-widget elementor-widget-text-editor\" data-id=\"7038f7c\" data-element_type=\"widget\" data-e-type=\"widget\" data-widget_type=\"text-editor.default\">\n\t\t\t\t<div class=\"elementor-widget-container\">\n\t\t\t\t\t\t\t\t\t<p>Dans nos Refuges le chauffage est diesel, mais 20% de l&rsquo;\u00e9nergie n\u00e9cessaire est produite par des panneaux solaires.<\/p>\t\t\t\t\t\t\t\t<\/div>\n\t\t\t\t<\/div>\n\t\t\t\t<\/div>\n\t\t<div class=\"elementor-element elementor-element-dfede97 e-con-full animated-slow e-flex elementor-invisible e-con e-child\" data-id=\"dfede97\" data-element_type=\"container\" data-e-type=\"container\" data-settings=\"{&quot;animation&quot;:&quot;fadeInUp&quot;}\">\n\t\t\t\t<div class=\"elementor-element elementor-element-11314f2 elementor-widget elementor-widget-heading\" data-id=\"11314f2\" data-element_type=\"widget\" data-e-type=\"widget\" data-widget_type=\"heading.default\">\n\t\t\t\t<div class=\"elementor-widget-container\">\n\t\t\t\t\t<h2 class=\"elementor-heading-title elementor-size-default\">Boissons et spiritueux<\/h2>\t\t\t\t<\/div>\n\t\t\t\t<\/div>\n\t\t\t\t<div class=\"elementor-element elementor-element-d5a2ecb elementor-widget elementor-widget-text-editor\" data-id=\"d5a2ecb\" data-element_type=\"widget\" data-e-type=\"widget\" data-widget_type=\"text-editor.default\">\n\t\t\t\t<div class=\"elementor-widget-container\">\n\t\t\t\t\t\t\t\t\t<p>Tout ce que vous pouvez trouver \u00e0 la vente dans les Refuges a transport\u00e9 par h\u00e9licopt\u00e8re. <br>Ce qui conduit \u00e0 une augmentation g\u00e9n\u00e9rale des prix que, dans certains cas, il est important. <br><br>Notre engagement est de vous assurer la chance d&rsquo;avoir un prix de base des produits de premi\u00e8re n\u00e9cessit\u00e9 comme eau, th\u00e9, p\u00e2tes.<\/p>\t\t\t\t\t\t\t\t<\/div>\n\t\t\t\t<\/div>\n\t\t\t\t<\/div>\n\t\t<div class=\"elementor-element elementor-element-e78e696 e-con-full animated-slow e-flex elementor-invisible e-con e-child\" data-id=\"e78e696\" data-element_type=\"container\" data-e-type=\"container\" data-settings=\"{&quot;animation&quot;:&quot;fadeInUp&quot;}\">\n\t\t\t\t<div class=\"elementor-element elementor-element-09b93e4 elementor-widget elementor-widget-heading\" data-id=\"09b93e4\" data-element_type=\"widget\" data-e-type=\"widget\" data-widget_type=\"heading.default\">\n\t\t\t\t<div class=\"elementor-widget-container\">\n\t\t\t\t\t<h2 class=\"elementor-heading-title elementor-size-default\">Demi-pension<\/h2>\t\t\t\t<\/div>\n\t\t\t\t<\/div>\n\t\t\t\t<div class=\"elementor-element elementor-element-b856109 elementor-widget elementor-widget-text-editor\" data-id=\"b856109\" data-element_type=\"widget\" data-e-type=\"widget\" data-widget_type=\"text-editor.default\">\n\t\t\t\t<div class=\"elementor-widget-container\">\n\t\t\t\t\t\t\t\t\t<p>La demi-pension comprend le d\u00eener, nuit\u00e9e, petit-d\u00e9jeuner et le th\u00e9 de marche.<br><br>Le d\u00eener comprend \u00e0 la fois de p\u00e2tes et de la souppe ou de la cr\u00e8me, plat principal et dessert. <br><br>Nous utilisons uniquement des mat\u00e9riaux frais et sains premi\u00e8res que nous utilisons dans nos Refuges et non des aliments pr\u00e9cuits et en conserve. Le service en c\u00e9ramique permet \u00e0 nos clients de profiter d&rsquo;un repas chaud et nous \u00e0 mod\u00e9rer l&rsquo;impact sur l&rsquo;environnement en r\u00e9duisant les d\u00e9chets. <\/p>\t\t\t\t\t\t\t\t<\/div>\n\t\t\t\t<\/div>\n\t\t\t\t<\/div>\n\t\t\t\t\t<\/div>\n\t\t\t\t<\/div>\n\t\t<div class=\"elementor-element elementor-element-7cdf3ad e-flex e-con-boxed e-con e-parent\" data-id=\"7cdf3ad\" data-element_type=\"container\" data-e-type=\"container\" data-settings=\"{&quot;background_background&quot;:&quot;classic&quot;}\">\n\t\t\t\t\t<div class=\"e-con-inner\">\n\t\t<div class=\"elementor-element elementor-element-360d572 e-con-full animated-slow e-flex elementor-invisible e-con e-child\" data-id=\"360d572\" data-element_type=\"container\" data-e-type=\"container\" data-settings=\"{&quot;animation&quot;:&quot;fadeInUp&quot;}\">\n\t\t\t\t<div class=\"elementor-element elementor-element-81d81d9 elementor-widget elementor-widget-heading\" data-id=\"81d81d9\" data-element_type=\"widget\" data-e-type=\"widget\" data-widget_type=\"heading.default\">\n\t\t\t\t<div class=\"elementor-widget-container\">\n\t\t\t\t\t<h2 class=\"elementor-heading-title elementor-size-default\">Chambres<\/h2>\t\t\t\t<\/div>\n\t\t\t\t<\/div>\n\t\t\t\t<div class=\"elementor-element elementor-element-b48f440 elementor-widget elementor-widget-text-editor\" data-id=\"b48f440\" data-element_type=\"widget\" data-e-type=\"widget\" data-widget_type=\"text-editor.default\">\n\t\t\t\t<div class=\"elementor-widget-container\">\n\t\t\t\t\t\t\t\t\t<p>Les chambres de nos Refuges ont souvent des lits superpos\u00e9s avec matelas et oreillers. Apr\u00e8s, il y aura d&rsquo;autres grimpeurs pour les utiliser, nous vous encourageons \u00e0 prendre soin. <\/p><p>Les lits ont des couettes qui sont lav\u00e9s et nettoy\u00e9s souvent, mais pas apr\u00e8s chaque d\u00e9marrage, pour cette raison, il est n\u00e9cessaire que chacun utilise son propre sac de couchage.<\/p>\t\t\t\t\t\t\t\t<\/div>\n\t\t\t\t<\/div>\n\t\t\t\t<\/div>\n\t\t<div class=\"elementor-element elementor-element-01a2ae6 e-con-full animated-slow e-flex elementor-invisible e-con e-child\" data-id=\"01a2ae6\" data-element_type=\"container\" data-e-type=\"container\" data-settings=\"{&quot;animation&quot;:&quot;fadeInUp&quot;}\">\n\t\t\t\t<div class=\"elementor-element elementor-element-1117e34 elementor-widget elementor-widget-heading\" data-id=\"1117e34\" data-element_type=\"widget\" data-e-type=\"widget\" data-widget_type=\"heading.default\">\n\t\t\t\t<div class=\"elementor-widget-container\">\n\t\t\t\t\t<h2 class=\"elementor-heading-title elementor-size-default\">Chambre s\u00e8che<\/h2>\t\t\t\t<\/div>\n\t\t\t\t<\/div>\n\t\t\t\t<div class=\"elementor-element elementor-element-13a0180 elementor-widget elementor-widget-text-editor\" data-id=\"13a0180\" data-element_type=\"widget\" data-e-type=\"widget\" data-widget_type=\"text-editor.default\">\n\t\t\t\t<div class=\"elementor-widget-container\">\n\t\t\t\t\t\t\t\t\t<p>Nous mettons en place une salle o\u00f9 vous pouvez laisser s\u00e9cher vos bottes et v\u00eatements mouill\u00e9s, ce qui r\u00e9duit les voyages de voyage dans le confort.<\/p>\t\t\t\t\t\t\t\t<\/div>\n\t\t\t\t<\/div>\n\t\t\t\t<\/div>\n\t\t<div class=\"elementor-element elementor-element-c776738 e-con-full animated-slow e-flex elementor-invisible e-con e-child\" data-id=\"c776738\" data-element_type=\"container\" data-e-type=\"container\" data-settings=\"{&quot;animation&quot;:&quot;fadeInUp&quot;}\">\n\t\t\t\t<div class=\"elementor-element elementor-element-9882ee9 elementor-widget elementor-widget-heading\" data-id=\"9882ee9\" data-element_type=\"widget\" data-e-type=\"widget\" data-widget_type=\"heading.default\">\n\t\t\t\t<div class=\"elementor-widget-container\">\n\t\t\t\t\t<h2 class=\"elementor-heading-title elementor-size-default\">L\u2019accueil<\/h2>\t\t\t\t<\/div>\n\t\t\t\t<\/div>\n\t\t\t\t<div class=\"elementor-element elementor-element-513f3a1 elementor-widget elementor-widget-text-editor\" data-id=\"513f3a1\" data-element_type=\"widget\" data-e-type=\"widget\" data-widget_type=\"text-editor.default\">\n\t\t\t\t<div class=\"elementor-widget-container\">\n\t\t\t\t\t\t\t\t\t<p>Merci d&rsquo;avoir choisi de vous faire de nous accueillir. Nous serons heureux d&rsquo;avoir votre avis et vos conseils.  <br><br>Si vous avez des besoins sp\u00e9ciaux, nous vous demandons de nous faire conna\u00eetre \u00e0 l&rsquo;avance afin que nous puissions assurer en temps opportun d\u00e9sireux de plaire.<\/p>\t\t\t\t\t\t\t\t<\/div>\n\t\t\t\t<\/div>\n\t\t\t\t<\/div>\n\t\t\t\t\t<\/div>\n\t\t\t\t<\/div>\n\t\t<div class=\"elementor-element elementor-element-45cf55d e-flex e-con-boxed e-con e-parent\" data-id=\"45cf55d\" data-element_type=\"container\" data-e-type=\"container\" data-settings=\"{&quot;background_background&quot;:&quot;classic&quot;}\">\n\t\t\t\t\t<div class=\"e-con-inner\">\n\t\t<div class=\"elementor-element elementor-element-ab85254 e-con-full animated-slow e-flex elementor-invisible e-con e-child\" data-id=\"ab85254\" data-element_type=\"container\" data-e-type=\"container\" data-settings=\"{&quot;animation&quot;:&quot;fadeInLeft&quot;}\">\n\t\t\t\t<div class=\"elementor-element elementor-element-c915a24 elementor-widget elementor-widget-heading\" data-id=\"c915a24\" data-element_type=\"widget\" data-e-type=\"widget\" data-widget_type=\"heading.default\">\n\t\t\t\t<div class=\"elementor-widget-container\">\n\t\t\t\t\t<h2 class=\"elementor-heading-title elementor-size-default\"> R\u00e9servations en ligne<\/h2>\t\t\t\t<\/div>\n\t\t\t\t<\/div>\n\t\t\t\t<div class=\"elementor-element elementor-element-79325e3 elementor-widget elementor-widget-heading\" data-id=\"79325e3\" data-element_type=\"widget\" data-e-type=\"widget\" data-widget_type=\"heading.default\">\n\t\t\t\t<div class=\"elementor-widget-container\">\n\t\t\t\t\t<h2 class=\"elementor-heading-title elementor-size-default\">D\u00e9couvrez les disponibilit\u00e9s et r\u00e9servez le refuge<\/h2>\t\t\t\t<\/div>\n\t\t\t\t<\/div>\n\t\t\t\t<\/div>\n\t\t<div class=\"elementor-element elementor-element-2a663f3 e-con-full animated-slow e-flex elementor-invisible e-con e-child\" data-id=\"2a663f3\" data-element_type=\"container\" data-e-type=\"container\" data-settings=\"{&quot;animation&quot;:&quot;fadeInRight&quot;}\">\n\t\t\t\t<div class=\"elementor-element elementor-element-1a39549 e-transform premium-lq__none elementor-widget elementor-widget-global elementor-global-1351 elementor-widget-premium-addon-button\" data-id=\"1a39549\" data-element_type=\"widget\" data-e-type=\"widget\" data-settings=\"{&quot;_transform_translateY_effect_hover&quot;:{&quot;unit&quot;:&quot;px&quot;,&quot;size&quot;:-8,&quot;sizes&quot;:[]},&quot;_transform_translateX_effect_hover&quot;:{&quot;unit&quot;:&quot;px&quot;,&quot;size&quot;:&quot;&quot;,&quot;sizes&quot;:[]},&quot;_transform_translateX_effect_hover_tablet&quot;:{&quot;unit&quot;:&quot;px&quot;,&quot;size&quot;:&quot;&quot;,&quot;sizes&quot;:[]},&quot;_transform_translateX_effect_hover_mobile&quot;:{&quot;unit&quot;:&quot;px&quot;,&quot;size&quot;:&quot;&quot;,&quot;sizes&quot;:[]},&quot;_transform_translateY_effect_hover_tablet&quot;:{&quot;unit&quot;:&quot;px&quot;,&quot;size&quot;:&quot;&quot;,&quot;sizes&quot;:[]},&quot;_transform_translateY_effect_hover_mobile&quot;:{&quot;unit&quot;:&quot;px&quot;,&quot;size&quot;:&quot;&quot;,&quot;sizes&quot;:[]}}\" data-widget_type=\"premium-addon-button.default\">\n\t\t\t\t<div class=\"elementor-widget-container\">\n\t\t\t\t\t\n\n\t\t<a class=\"premium-button premium-button-none premium-btn-lg premium-button-none\" href=\"https:\/\/booking.rifugimonterosa.it\/it\/booking\" target=\"_blank\">\n\t\t\t<div class=\"premium-button-text-icon-wrapper\">\n\t\t\t\t\n\t\t\t\t\t\t\t\t\t<span >\n\t\t\t\t\t\tBooking\t\t\t\t\t<\/span>\n\t\t\t\t\t\t\t<\/div>\n\n\t\t\t\n\t\t\t\n\t\t\t\n\t\t<\/a>\n\n\n\t\t\t\t\t\t<\/div>\n\t\t\t\t<\/div>\n\t\t\t\t<\/div>\n\t\t\t\t\t<\/div>\n\t\t\t\t<\/div>\n\t\t\t\t<\/div>\n\t\t","protected":false},"excerpt":{"rendered":"<p>Qui nous sommes Depuis 2009, Rifugi Monterosa MBG g\u00e8re l\u2019accueil des 5 refuges CAI du Mont Rose A partir du printemps 2009 Rifugi Monterosa &#8211; MBG srl traite de la gestion des 5 Refuges CAI situ\u00e9 sur le versant sud du Monte Rosa.Dans notre engagement \u00e0 des espaces vides de poursuite de l&rsquo;accueil, pas \u00e9touff\u00e9 [&hellip;]<\/p>\n","protected":false},"author":3,"featured_media":2254,"parent":0,"menu_order":0,"comment_status":"closed","ping_status":"closed","template":"elementor_header_footer","meta":{"footnotes":""},"class_list":["post-2906","page","type-page","status-publish","has-post-thumbnail","hentry"],"_links":{"self":[{"href":"https:\/\/www.rifugimonterosa.it\/fr\/wp-json\/wp\/v2\/pages\/2906","targetHints":{"allow":["GET"]}}],"collection":[{"href":"https:\/\/www.rifugimonterosa.it\/fr\/wp-json\/wp\/v2\/pages"}],"about":[{"href":"https:\/\/www.rifugimonterosa.it\/fr\/wp-json\/wp\/v2\/types\/page"}],"author":[{"embeddable":true,"href":"https:\/\/www.rifugimonterosa.it\/fr\/wp-json\/wp\/v2\/users\/3"}],"replies":[{"embeddable":true,"href":"https:\/\/www.rifugimonterosa.it\/fr\/wp-json\/wp\/v2\/comments?post=2906"}],"version-history":[{"count":0,"href":"https:\/\/www.rifugimonterosa.it\/fr\/wp-json\/wp\/v2\/pages\/2906\/revisions"}],"wp:featuredmedia":[{"embeddable":true,"href":"https:\/\/www.rifugimonterosa.it\/fr\/wp-json\/wp\/v2\/media\/2254"}],"wp:attachment":[{"href":"https:\/\/www.rifugimonterosa.it\/fr\/wp-json\/wp\/v2\/media?parent=2906"}],"curies":[{"name":"wp","href":"https:\/\/api.w.org\/{rel}","templated":true}]}}