{"id":2920,"date":"2025-02-05T08:54:34","date_gmt":"2025-02-05T08:54:34","guid":{"rendered":"https:\/\/www.rifugimonterosa.it\/recherche-scientifique\/"},"modified":"2026-02-10T10:40:15","modified_gmt":"2026-02-10T10:40:15","slug":"recherche-scientifique","status":"publish","type":"page","link":"https:\/\/www.rifugimonterosa.it\/fr\/recherche-scientifique\/","title":{"rendered":"Recherche scientifique"},"content":{"rendered":"\t\t<div data-elementor-type=\"wp-page\" data-elementor-id=\"2920\" class=\"elementor elementor-2920 elementor-1373\" data-elementor-post-type=\"page\">\n\t\t\t\t<div class=\"elementor-element elementor-element-adde148 e-flex e-con-boxed e-con e-parent\" data-id=\"adde148\" data-element_type=\"container\" data-e-type=\"container\" data-settings=\"{&quot;background_background&quot;:&quot;classic&quot;}\">\n\t\t\t\t\t<div class=\"e-con-inner\">\n\t\t\t\t<div class=\"elementor-element elementor-element-773a1de elementor-widget elementor-widget-heading\" data-id=\"773a1de\" data-element_type=\"widget\" data-e-type=\"widget\" data-widget_type=\"heading.default\">\n\t\t\t\t<div class=\"elementor-widget-container\">\n\t\t\t\t\t<h1 class=\"elementor-heading-title elementor-size-default\">Recherche scientifique<\/h1>\t\t\t\t<\/div>\n\t\t\t\t<\/div>\n\t\t\t\t<div class=\"elementor-element elementor-element-4d875d2 elementor-widget elementor-widget-heading\" data-id=\"4d875d2\" data-element_type=\"widget\" data-e-type=\"widget\" data-widget_type=\"heading.default\">\n\t\t\t\t<div class=\"elementor-widget-container\">\n\t\t\t\t\t<h2 class=\"elementor-heading-title elementor-size-default\">MBG SRL \u2013 Rifugi Monterosa et la recherche scientifique en altitude<\/h2>\t\t\t\t<\/div>\n\t\t\t\t<\/div>\n\t\t\t\t\t<\/div>\n\t\t\t\t<\/div>\n\t\t<div class=\"elementor-element elementor-element-299aebd e-flex e-con-boxed e-con e-parent\" data-id=\"299aebd\" data-element_type=\"container\" data-e-type=\"container\">\n\t\t\t\t\t<div class=\"e-con-inner\">\n\t\t<div class=\"elementor-element elementor-element-b0d84d0 e-con-full animated-slow e-flex elementor-invisible e-con e-child\" data-id=\"b0d84d0\" data-element_type=\"container\" data-e-type=\"container\" data-settings=\"{&quot;animation&quot;:&quot;fadeInUp&quot;}\">\n\t\t\t\t<div class=\"elementor-element elementor-element-8cb58fd elementor-widget elementor-widget-text-editor\" data-id=\"8cb58fd\" data-element_type=\"widget\" data-e-type=\"widget\" data-widget_type=\"text-editor.default\">\n\t\t\t\t<div class=\"elementor-widget-container\">\n\t\t\t\t\t\t\t\t\t<p>Le <strong>Mont Rose<\/strong> n\u2019est pas seulement synonyme d\u2019alpinisme, d\u2019histoire et de passion, mais aussi de science. Deux laboratoires scientifiques op\u00e8rent entre ses sommets: la Refuge <strong><strong>Observatoire Regina Margherita<\/strong> \u00e0 la Pointe Gnifetti<\/strong>, \u00e0 4 554 m\u00e8tres d\u2019altitude, et l\u2019Institut Angelo Mosso au Col d\u2019Olen, \u00e0 2 901 m\u00e8tres. <\/p>\t\t\t\t\t\t\t\t<\/div>\n\t\t\t\t<\/div>\n\t\t\t\t<\/div>\n\t\t<div class=\"elementor-element elementor-element-b3e3216 e-con-full animated-slow e-flex elementor-invisible e-con e-child\" data-id=\"b3e3216\" data-element_type=\"container\" data-e-type=\"container\" data-settings=\"{&quot;animation&quot;:&quot;fadeInLeft&quot;}\">\n\t\t\t\t<div class=\"elementor-element elementor-element-970af89 elementor-widget elementor-widget-text-editor\" data-id=\"970af89\" data-element_type=\"widget\" data-e-type=\"widget\" data-widget_type=\"text-editor.default\">\n\t\t\t\t<div class=\"elementor-widget-container\">\n\t\t\t\t\t\t\t\t\t<p>La Refuge <strong>Observatoire Regina Margherita<\/strong>, fond\u00e9e en 1893 \u00e0 l\u2019initiative du Club Alpin Italien (CAI), s\u2019est impos\u00e9e d\u00e8s ses d\u00e9buts comme un laboratoire scientifique de renomm\u00e9e internationale.<\/p><p>D\u00e9clar\u00e9e en 1903 par l\u2019Acad\u00e9mie des sciences de Washington <strong>\u00ab Institut international \u00bb<\/strong>, elle a accueilli tout au long du XX\u1d49 si\u00e8cle d\u2019importantes recherches de pointe dans diff\u00e9rents domaines scientifiques : physiologie et m\u00e9decine, glaciologie, sciences de l\u2019environnement et physique de l\u2019atmosph\u00e8re.<\/p><p>La Refuge Margherita demeure aujourd\u2019hui l\u2019un des rares <strong>laboratoires au monde d\u00e9di\u00e9s aux \u00e9tudes en haute altitude des m\u00e9canismes respiratoires, vasculaires, m\u00e9taboliques et r\u00e9naux<\/strong> \u00e0 la base de l\u2019acclimatation, des maladies d\u2019altitude, de la pr\u00e9paration et des limites de l\u2019effort physique en air rar\u00e9fi\u00e9.<\/p>\t\t\t\t\t\t\t\t<\/div>\n\t\t\t\t<\/div>\n\t\t\t\t<\/div>\n\t\t<div class=\"elementor-element elementor-element-3db2da3 e-con-full animated-slow e-flex elementor-invisible e-con e-child\" data-id=\"3db2da3\" data-element_type=\"container\" data-e-type=\"container\" data-settings=\"{&quot;animation&quot;:&quot;fadeInRight&quot;}\">\n\t\t\t\t<div class=\"elementor-element elementor-element-caaf02c elementor-widget elementor-widget-text-editor\" data-id=\"caaf02c\" data-element_type=\"widget\" data-e-type=\"widget\" data-widget_type=\"text-editor.default\">\n\t\t\t\t<div class=\"elementor-widget-container\">\n\t\t\t\t\t\t\t\t\t<p><strong>Le Col du Lys (4 250 m) et le Col Gnifetti (4 454 m) se r\u00e9v\u00e8lent \u00eatre des sites particuli\u00e8rement adapt\u00e9s \u00e0 l\u2019extraction de carottes de glace<\/strong>. Leur analyse permet de reconstituer des s\u00e9ries historiques de donn\u00e9es sur les variations climatiques ainsi que sur la composition chimique et isotopique de l\u2019atmosph\u00e8re.<br>Certaines de ces \u00e9tudes se concentrent sur les m\u00e9canismes de distribution et de transport \u00e0 longue distance de polluants tels que les m\u00e9taux lourds, les polluants organiques persistants (POP) et certains isotopes radioactifs.<\/p><p>R\u00e9cemment, une large place a \u00e9t\u00e9 accord\u00e9e \u00e0 des axes de recherche offrant des perspectives de d\u00e9veloppement int\u00e9ressantes, notamment dans le domaine des sciences de l\u2019environnement et des \u00e9tudes climatiques.<\/p><p>Vous trouverez ci-dessous quelques exemples de recherches men\u00e9es et des instituts accueillis:<\/p>\t\t\t\t\t\t\t\t<\/div>\n\t\t\t\t<\/div>\n\t\t\t\t<\/div>\n\t\t<div class=\"elementor-element elementor-element-f16cf40 e-con-full animated-slow e-flex elementor-invisible e-con e-child\" data-id=\"f16cf40\" data-element_type=\"container\" data-e-type=\"container\" data-settings=\"{&quot;animation&quot;:&quot;fadeInUp&quot;}\">\n\t\t\t\t<div class=\"elementor-element elementor-element-e01353b elementor-widget elementor-widget-text-editor\" data-id=\"e01353b\" data-element_type=\"widget\" data-e-type=\"widget\" data-widget_type=\"text-editor.default\">\n\t\t\t\t<div class=\"elementor-widget-container\">\n\t\t\t\t\t\t\t\t\t<p><strong>2007<\/strong><br>&gt;Plusieurs tests ont \u00e9t\u00e9 r\u00e9alis\u00e9s par le Politecnico di Torino afin d\u2019\u00e9valuer l\u2019applicabilit\u00e9 de syst\u00e8mes de production d\u2019\u00e9nergie \u00e0 partir de piles \u00e0 combustible (aliment\u00e9es \u00e0 l\u2019hydrog\u00e8ne), destin\u00e9s \u00e0 de petits \u00e9quipements a\u00e9romobiles.<br>Toujours par le Politecnico di Torino \u2014 qui a par ailleurs permis d\u2019\u00e9quiper la Refuge de sa premi\u00e8re connexion internet \u2014 des exp\u00e9rimentations ont port\u00e9 sur un syst\u00e8me innovant de transmission \u00e0 longue distance (plus de 300 km) en large bande, utilisant de simples dispositifs \u00e0 faible co\u00fbt comme \u00e9metteurs, sans r\u00e9p\u00e9teurs interm\u00e9diaires, offrant de grandes potentialit\u00e9s de d\u00e9veloppement, notamment dans les pays en voie de d\u00e9veloppement.<\/p><p><strong>2009<\/strong><br><strong>&gt; <\/strong>Universit\u00e9s de Heidelberg (DE) et de Zurich (CH).<\/p><p><strong>2010<\/strong><br><strong>&gt;<\/strong> Centre for Altitude Space and Extreme Environment Medicine de l\u2019University College London (UK).<br><strong>&gt;<\/strong> Environment Medicine of the University College London (UK).<br><strong>&gt;<\/strong> Institut Alfred Wegener pour la recherche marine et polaire de Bremerhaven (DE).<br><strong>&gt;<\/strong> Institut Auxologique italien (IT).<br><strong>&gt;<\/strong> Universit\u00e9 de T\u00fcbingen (DE).<\/p><p><strong>2013<br><\/strong>&gt; Centre m\u00e9dical universitaire de Leiden (NL).<br><strong>&gt; <\/strong>Institut Alfred Wegener pour la recherche marine et polaire de Bremerhaven (DE).<\/p><p><strong>2015<\/strong><br><strong>&gt; <\/strong>Institut Alfred Wegener pour la recherche marine et polaire de Bremerhaven (DE).<\/p><p><strong>2016<\/strong><br>&gt; Universit\u00e9 de Salzbourg (AT).<br>&gt; German Aerospace Center \u2013 Cologne (DE).<br><strong>&gt; <\/strong>Institut Alfred Wegener pour la recherche marine et polaire de Bremerhaven (DE).<\/p><p><strong>2017<\/strong><br><strong>&gt; <\/strong>German Aerospace Center \u2013 K\u00f6ln (DE).<br><strong>&gt; <\/strong>Warwick Altitude Research Group (UK).<\/p>\t\t\t\t\t\t\t\t<\/div>\n\t\t\t\t<\/div>\n\t\t\t\t<\/div>\n\t\t\t\t\t<\/div>\n\t\t\t\t<\/div>\n\t\t<div class=\"premium-parallax-section-hide elementor-element elementor-element-53bec75 e-con-full premium-parallax-yes e-flex e-con e-parent\" data-pa-parallax=\"{&quot;type&quot;:&quot;scroll&quot;,&quot;speed&quot;:&quot;&quot;,&quot;android&quot;:1,&quot;ios&quot;:1,&quot;size&quot;:&quot;cover&quot;,&quot;repeat&quot;:&quot;no-repeat&quot;}\" data-id=\"53bec75\" data-element_type=\"container\" data-e-type=\"container\" data-settings=\"{&quot;background_background&quot;:&quot;classic&quot;}\">\n\t\t\t\t<\/div>\n\t\t<div class=\"elementor-element elementor-element-6964f01 e-flex e-con-boxed e-con e-parent\" data-id=\"6964f01\" data-element_type=\"container\" data-e-type=\"container\" data-settings=\"{&quot;background_background&quot;:&quot;classic&quot;,&quot;shape_divider_bottom&quot;:&quot;pyramids&quot;}\">\n\t\t\t\t\t<div class=\"e-con-inner\">\n\t\t\t\t<div class=\"elementor-shape elementor-shape-bottom\" aria-hidden=\"true\" data-negative=\"false\">\n\t\t\t<svg xmlns=\"http:\/\/www.w3.org\/2000\/svg\" viewBox=\"0 0 1000 100\" preserveAspectRatio=\"none\">\n\t<path class=\"elementor-shape-fill\" d=\"M761.9,44.1L643.1,27.2L333.8,98L0,3.8V0l1000,0v3.9\"\/>\n<\/svg>\t\t<\/div>\n\t\t<div class=\"elementor-element elementor-element-6affb5c e-con-full animated-slow e-flex elementor-invisible e-con e-child\" data-id=\"6affb5c\" data-element_type=\"container\" data-e-type=\"container\" data-settings=\"{&quot;animation&quot;:&quot;fadeInLeft&quot;}\">\n\t\t\t\t<div class=\"elementor-element elementor-element-68fd162 elementor-widget elementor-widget-heading\" data-id=\"68fd162\" data-element_type=\"widget\" data-e-type=\"widget\" data-widget_type=\"heading.default\">\n\t\t\t\t<div class=\"elementor-widget-container\">\n\t\t\t\t\t<p class=\"elementor-heading-title elementor-size-default\"> R\u00e9servations en ligne<\/p>\t\t\t\t<\/div>\n\t\t\t\t<\/div>\n\t\t\t\t<div class=\"elementor-element elementor-element-c02d1eb elementor-widget elementor-widget-heading\" data-id=\"c02d1eb\" data-element_type=\"widget\" data-e-type=\"widget\" data-widget_type=\"heading.default\">\n\t\t\t\t<div class=\"elementor-widget-container\">\n\t\t\t\t\t<p class=\"elementor-heading-title elementor-size-default\">D\u00e9couvrez les disponibilit\u00e9s et r\u00e9servez le refuge<\/p>\t\t\t\t<\/div>\n\t\t\t\t<\/div>\n\t\t\t\t<\/div>\n\t\t<div class=\"elementor-element elementor-element-c9c438c e-con-full animated-slow e-flex elementor-invisible e-con e-child\" data-id=\"c9c438c\" data-element_type=\"container\" data-e-type=\"container\" data-settings=\"{&quot;animation&quot;:&quot;fadeInRight&quot;}\">\n\t\t\t\t<div class=\"elementor-element elementor-element-fbf77be e-transform premium-lq__none elementor-widget elementor-widget-global elementor-global-1351 elementor-widget-premium-addon-button\" data-id=\"fbf77be\" data-element_type=\"widget\" data-e-type=\"widget\" data-settings=\"{&quot;_transform_translateY_effect_hover&quot;:{&quot;unit&quot;:&quot;px&quot;,&quot;size&quot;:-8,&quot;sizes&quot;:[]},&quot;_transform_translateX_effect_hover&quot;:{&quot;unit&quot;:&quot;px&quot;,&quot;size&quot;:&quot;&quot;,&quot;sizes&quot;:[]},&quot;_transform_translateX_effect_hover_tablet&quot;:{&quot;unit&quot;:&quot;px&quot;,&quot;size&quot;:&quot;&quot;,&quot;sizes&quot;:[]},&quot;_transform_translateX_effect_hover_mobile&quot;:{&quot;unit&quot;:&quot;px&quot;,&quot;size&quot;:&quot;&quot;,&quot;sizes&quot;:[]},&quot;_transform_translateY_effect_hover_tablet&quot;:{&quot;unit&quot;:&quot;px&quot;,&quot;size&quot;:&quot;&quot;,&quot;sizes&quot;:[]},&quot;_transform_translateY_effect_hover_mobile&quot;:{&quot;unit&quot;:&quot;px&quot;,&quot;size&quot;:&quot;&quot;,&quot;sizes&quot;:[]}}\" data-widget_type=\"premium-addon-button.default\">\n\t\t\t\t<div class=\"elementor-widget-container\">\n\t\t\t\t\t\n\n\t\t<a class=\"premium-button premium-button-none premium-btn-lg premium-button-none\" href=\"https:\/\/booking.rifugimonterosa.it\/it\/booking\" target=\"_blank\">\n\t\t\t<div class=\"premium-button-text-icon-wrapper\">\n\t\t\t\t\n\t\t\t\t\t\t\t\t\t<span >\n\t\t\t\t\t\tBooking\t\t\t\t\t<\/span>\n\t\t\t\t\t\t\t<\/div>\n\n\t\t\t\n\t\t\t\n\t\t\t\n\t\t<\/a>\n\n\n\t\t\t\t\t\t<\/div>\n\t\t\t\t<\/div>\n\t\t\t\t<\/div>\n\t\t\t\t\t<\/div>\n\t\t\t\t<\/div>\n\t\t<div class=\"elementor-element elementor-element-3de88f9 e-flex e-con-boxed e-con e-parent\" data-id=\"3de88f9\" data-element_type=\"container\" data-e-type=\"container\" data-settings=\"{&quot;background_background&quot;:&quot;classic&quot;}\">\n\t\t\t\t\t<div class=\"e-con-inner\">\n\t\t<div class=\"elementor-element elementor-element-2c4b423 e-con-full animated-slow e-flex elementor-invisible e-con e-child\" data-id=\"2c4b423\" data-element_type=\"container\" data-e-type=\"container\" data-settings=\"{&quot;animation&quot;:&quot;fadeInLeft&quot;}\">\n\t\t\t\t<div class=\"elementor-element elementor-element-9eee57d elementor-widget elementor-widget-heading\" data-id=\"9eee57d\" data-element_type=\"widget\" data-e-type=\"widget\" data-widget_type=\"heading.default\">\n\t\t\t\t<div class=\"elementor-widget-container\">\n\t\t\t\t\t<h2 class=\"elementor-heading-title elementor-size-default\">MBG SRL\n\u2013 Rifugi Monterosa \n<\/h2>\t\t\t\t<\/div>\n\t\t\t\t<\/div>\n\t\t\t\t<div class=\"elementor-element elementor-element-644530b elementor-widget elementor-widget-heading\" data-id=\"644530b\" data-element_type=\"widget\" data-e-type=\"widget\" data-widget_type=\"heading.default\">\n\t\t\t\t<div class=\"elementor-widget-container\">\n\t\t\t\t\t<p class=\"elementor-heading-title elementor-size-default\">Recherche scientifique<br>sur le Mont Rose<\/p>\t\t\t\t<\/div>\n\t\t\t\t<\/div>\n\t\t\t\t<div class=\"elementor-element elementor-element-d3845fa elementor-widget elementor-widget-heading\" data-id=\"d3845fa\" data-element_type=\"widget\" data-e-type=\"widget\" data-widget_type=\"heading.default\">\n\t\t\t\t<div class=\"elementor-widget-container\">\n\t\t\t\t\t<p class=\"elementor-heading-title elementor-size-default\">Fiers de prendre soin du laboratoire scientifique de la Refuge Observatoire Regina Margherita, l\u2019\u00e9quipe de Rifugi Monterosa s\u2019engage \u00e0 faciliter l\u2019organisation et \u00e0 assurer le soutien logistique des \u00e9quipes de recherche.\n\n<\/p>\t\t\t\t<\/div>\n\t\t\t\t<\/div>\n\t\t\t\t<\/div>\n\t\t<div class=\"elementor-element elementor-element-d1fe4b5 e-con-full animated-slow e-flex elementor-invisible e-con e-child\" data-id=\"d1fe4b5\" data-element_type=\"container\" data-e-type=\"container\" data-settings=\"{&quot;animation&quot;:&quot;fadeInRight&quot;}\">\n\t\t\t\t<div class=\"elementor-element elementor-element-51412a8 elementor-widget elementor-widget-heading\" data-id=\"51412a8\" data-element_type=\"widget\" data-e-type=\"widget\" data-widget_type=\"heading.default\">\n\t\t\t\t<div class=\"elementor-widget-container\">\n\t\t\t\t\t<h2 class=\"elementor-heading-title elementor-size-default\">Ce que nous faisons\n<\/h2>\t\t\t\t<\/div>\n\t\t\t\t<\/div>\n\t\t\t\t<div class=\"elementor-element elementor-element-4b92f99 animated-slow elementor-invisible elementor-widget elementor-widget-heading\" data-id=\"4b92f99\" data-element_type=\"widget\" data-e-type=\"widget\" data-settings=\"{&quot;_animation&quot;:&quot;fadeInRight&quot;}\" data-widget_type=\"heading.default\">\n\t\t\t\t<div class=\"elementor-widget-container\">\n\t\t\t\t\t<h3 class=\"elementor-heading-title elementor-size-default\">- Transfert des \u00e9quipes et du mat\u00e9riel depuis et vers l\u2019a\u00e9roport\n\n<\/h3>\t\t\t\t<\/div>\n\t\t\t\t<\/div>\n\t\t\t\t<div class=\"elementor-element elementor-element-55efbd3 animated-slow elementor-invisible elementor-widget elementor-widget-heading\" data-id=\"55efbd3\" data-element_type=\"widget\" data-e-type=\"widget\" data-settings=\"{&quot;_animation&quot;:&quot;fadeInRight&quot;}\" data-widget_type=\"heading.default\">\n\t\t\t\t<div class=\"elementor-widget-container\">\n\t\t\t\t\t<h3 class=\"elementor-heading-title elementor-size-default\">- Point d\u2019accueil \u00e0 Alagna\n\n<\/h3>\t\t\t\t<\/div>\n\t\t\t\t<\/div>\n\t\t\t\t<div class=\"elementor-element elementor-element-bcf6f20 animated-slow elementor-invisible elementor-widget elementor-widget-heading\" data-id=\"bcf6f20\" data-element_type=\"widget\" data-e-type=\"widget\" data-settings=\"{&quot;_animation&quot;:&quot;fadeInRight&quot;}\" data-widget_type=\"heading.default\">\n\t\t\t\t<div class=\"elementor-widget-container\">\n\t\t\t\t\t<h3 class=\"elementor-heading-title elementor-size-default\">- H\u00e9bergement et restauration conventionn\u00e9s \u00e0 Alagna et Gressoney\n\n<\/h3>\t\t\t\t<\/div>\n\t\t\t\t<\/div>\n\t\t\t\t<div class=\"elementor-element elementor-element-8199497 animated-slow elementor-invisible elementor-widget elementor-widget-heading\" data-id=\"8199497\" data-element_type=\"widget\" data-e-type=\"widget\" data-settings=\"{&quot;_animation&quot;:&quot;fadeInRight&quot;}\" data-widget_type=\"heading.default\">\n\t\t\t\t<div class=\"elementor-widget-container\">\n\t\t\t\t\t<h3 class=\"elementor-heading-title elementor-size-default\">- Transport de mat\u00e9riel par h\u00e9licopt\u00e8re\n\n<\/h3>\t\t\t\t<\/div>\n\t\t\t\t<\/div>\n\t\t\t\t<div class=\"elementor-element elementor-element-b1b490e animated-slow elementor-invisible elementor-widget elementor-widget-heading\" data-id=\"b1b490e\" data-element_type=\"widget\" data-e-type=\"widget\" data-settings=\"{&quot;_animation&quot;:&quot;fadeInRight&quot;}\" data-widget_type=\"heading.default\">\n\t\t\t\t<div class=\"elementor-widget-container\">\n\t\t\t\t\t<h3 class=\"elementor-heading-title elementor-size-default\">- Guides alpins pour l\u2019accompagnement\n\n<\/h3>\t\t\t\t<\/div>\n\t\t\t\t<\/div>\n\t\t\t\t<div class=\"elementor-element elementor-element-5a67afe animated-slow elementor-invisible elementor-widget elementor-widget-heading\" data-id=\"5a67afe\" data-element_type=\"widget\" data-e-type=\"widget\" data-settings=\"{&quot;_animation&quot;:&quot;fadeInRight&quot;}\" data-widget_type=\"heading.default\">\n\t\t\t\t<div class=\"elementor-widget-container\">\n\t\t\t\t\t<h3 class=\"elementor-heading-title elementor-size-default\">- Entrep\u00f4t pour le stockage des \u00e9quipements\n\n<\/h3>\t\t\t\t<\/div>\n\t\t\t\t<\/div>\n\t\t\t\t<\/div>\n\t\t\t\t\t<\/div>\n\t\t\t\t<\/div>\n\t\t\t\t<\/div>\n\t\t","protected":false},"excerpt":{"rendered":"<p>Recherche scientifique MBG SRL \u2013 Rifugi Monterosa et la recherche scientifique en altitude Le Mont Rose n\u2019est pas seulement synonyme d\u2019alpinisme, d\u2019histoire et de passion, mais aussi de science. Deux laboratoires scientifiques op\u00e8rent entre ses sommets: la Refuge Observatoire Regina Margherita \u00e0 la Pointe Gnifetti, \u00e0 4 554 m\u00e8tres d\u2019altitude, et l\u2019Institut Angelo Mosso au [&hellip;]<\/p>\n","protected":false},"author":3,"featured_media":2254,"parent":0,"menu_order":0,"comment_status":"closed","ping_status":"closed","template":"elementor_header_footer","meta":{"footnotes":""},"class_list":["post-2920","page","type-page","status-publish","has-post-thumbnail","hentry"],"_links":{"self":[{"href":"https:\/\/www.rifugimonterosa.it\/fr\/wp-json\/wp\/v2\/pages\/2920","targetHints":{"allow":["GET"]}}],"collection":[{"href":"https:\/\/www.rifugimonterosa.it\/fr\/wp-json\/wp\/v2\/pages"}],"about":[{"href":"https:\/\/www.rifugimonterosa.it\/fr\/wp-json\/wp\/v2\/types\/page"}],"author":[{"embeddable":true,"href":"https:\/\/www.rifugimonterosa.it\/fr\/wp-json\/wp\/v2\/users\/3"}],"replies":[{"embeddable":true,"href":"https:\/\/www.rifugimonterosa.it\/fr\/wp-json\/wp\/v2\/comments?post=2920"}],"version-history":[{"count":0,"href":"https:\/\/www.rifugimonterosa.it\/fr\/wp-json\/wp\/v2\/pages\/2920\/revisions"}],"wp:featuredmedia":[{"embeddable":true,"href":"https:\/\/www.rifugimonterosa.it\/fr\/wp-json\/wp\/v2\/media\/2254"}],"wp:attachment":[{"href":"https:\/\/www.rifugimonterosa.it\/fr\/wp-json\/wp\/v2\/media?parent=2920"}],"curies":[{"name":"wp","href":"https:\/\/api.w.org\/{rel}","templated":true}]}}